{"id":21821,"date":"2019-05-23T14:27:56","date_gmt":"2019-05-23T12:27:56","guid":{"rendered":"https:\/\/www.neolutions.ch\/demo\/?page_id=21821"},"modified":"2020-08-05T16:23:55","modified_gmt":"2020-08-05T14:23:55","slug":"nos-services-specifiques","status":"publish","type":"page","link":"http:\/\/elsd.ch\/it\/nos-services-specifiques\/","title":{"rendered":"Nos services sp\u00e9cifiques"},"content":{"rendered":"<p>[vc_row full_width=&#8221;stretch_row_content_no_spaces&#8221; equal_height=&#8221;yes&#8221; content_placement=&#8221;middle&#8221;][vc_column css_animation=&#8221;fadeInUp&#8221; width=&#8221;1\/2&#8243;][vc_images_carousel images=&#8221;21830,21831,21832,21835,21836,21837,21838&#8243; img_size=&#8221;full&#8221; hide_pagination_control=&#8221;yes&#8221;][\/vc_column][vc_column width=&#8221;1\/2&#8243; basel_text_align=&#8221;center&#8221; css=&#8221;.vc_custom_1558616154021{padding-top: 30px !important;padding-right: 30px !important;padding-bottom: 30px !important;padding-left: 30px !important;}&#8221;]<div class=\"title-wrapper  basel-title-color-default basel-title-style-default basel-title-size-default text-center \"><div class=\"liner-continer\"> <span class=\"left-line\"><\/span> <h4 class=\"title\" >Communication visuelle et enseignes :<span class=\"title-separator\"><span><\/span><\/span><\/h4> <span class=\"right-line\"><\/span> <\/div><\/div>[vc_column_text]<\/p>\n<p style=\"text-align: center;\">&#8211; Contrats de maintenance &#8220;z\u00e9ro soucis&#8221; adapt\u00e9s \u00e0 vos besoins<br \/>\n&#8211; Gestion compl\u00e8te de votre parc d&#8217;enseignes<br \/>\n&#8211; Transformation du type d&#8217;\u00e9clairage (par exemple de n\u00e9ons en led)<br \/>\n&#8211; Installations d&#8217;enseignes fabriqu\u00e9es par des tiers (fabrication centralis\u00e9e par les maisons-m\u00e8res)<br \/>\n&#8211; Recherches de toitures disponibles<br \/>\n&#8211; Enseignes connect\u00e9es pour une gestion et un contr\u00f4le \u00e0 distance (couleur, luminosit\u00e9, fonctionnement, horaires)<\/p>\n<p style=\"text-align: center;\">[\/vc_column_text][\/vc_column][\/vc_row][vc_row full_width=&#8221;stretch_row_content_no_spaces&#8221; content_placement=&#8221;middle&#8221; row_reverse_mobile=&#8221;1&#8243;][vc_column width=&#8221;1\/2&#8243; css=&#8221;.vc_custom_1558616160920{padding-top: 30px !important;padding-right: 30px !important;padding-bottom: 30px !important;padding-left: 30px !important;}&#8221;]<div class=\"title-wrapper  basel-title-color-default basel-title-style-default basel-title-size-default text-center \"><div class=\"liner-continer\"> <span class=\"left-line\"><\/span> <h4 class=\"title\" >Eclairage:<span class=\"title-separator\"><span><\/span><\/span><\/h4> <span class=\"right-line\"><\/span> <\/div><\/div>[vc_column_text]<\/p>\n<p style=\"text-align: center;\">&#8211; Contrats de maintenance &#8220;z\u00e9ro soucis&#8221; adapt\u00e9s \u00e0 vos besoins<br \/>\n&#8211; Gestion compl\u00e8te de vos \u00e9clairages<br \/>\n&#8211; Eclairage connect\u00e9<\/p>\n<p style=\"text-align: center;\">[\/vc_column_text][\/vc_column][vc_column css_animation=&#8221;fadeInUp&#8221; width=&#8221;1\/2&#8243;][vc_images_carousel images=&#8221;21842,21843,21844&#8243; img_size=&#8221;large&#8221; hide_pagination_control=&#8221;yes&#8221;][\/vc_column][\/vc_row][vc_row full_width=&#8221;stretch_row_content_no_spaces&#8221; equal_height=&#8221;yes&#8221; content_placement=&#8221;middle&#8221;][vc_column css_animation=&#8221;fadeInUp&#8221; width=&#8221;1\/2&#8243;][vc_images_carousel images=&#8221;21830,21831,21832,21835,21836,21837,21838&#8243; img_size=&#8221;full&#8221; hide_pagination_control=&#8221;yes&#8221;][\/vc_column][vc_column width=&#8221;1\/2&#8243; basel_text_align=&#8221;center&#8221; css=&#8221;.vc_custom_1558616154021{padding-top: 30px !important;padding-right: 30px !important;padding-bottom: 30px !important;padding-left: 30px !important;}&#8221;]<div class=\"title-wrapper  basel-title-color-default basel-title-style-default basel-title-size-default text-center \"><div class=\"liner-continer\"> <span class=\"left-line\"><\/span> <h4 class=\"title\" >N\u00e9ons lumineux artisanaux<span class=\"title-separator\"><span><\/span><\/span><\/h4> <span class=\"right-line\"><\/span> <\/div><\/div>[vc_column_text]<\/p>\n<p style=\"text-align: center;\">&#8211; Contrats de maintenance &#8220;z\u00e9ro soucis&#8221; adapt\u00e9s \u00e0 vos besoins.<br \/>\n&#8211; R\u00e9parations et r\u00e9novation.<br \/>\n&#8211; D\u00e9montage, tri et mise en d\u00e9chetterie.<br \/>\n&#8211; Nettoyage.<\/p>\n<p style=\"text-align: center;\">[\/vc_column_text][\/vc_column][\/vc_row][vc_row full_width=&#8221;stretch_row_content_no_spaces&#8221; content_placement=&#8221;middle&#8221; row_reverse_mobile=&#8221;1&#8243;][vc_column width=&#8221;1\/2&#8243; css=&#8221;.vc_custom_1558616160920{padding-top: 30px !important;padding-right: 30px !important;padding-bottom: 30px !important;padding-left: 30px !important;}&#8221;]<div class=\"title-wrapper  basel-title-color-default basel-title-style-default basel-title-size-default text-center \"><div class=\"liner-continer\"> <span class=\"left-line\"><\/span> <h4 class=\"title\" >Stores bannes, lambrequins lumineux, stores et portes de garages :<span class=\"title-separator\"><span><\/span><\/span><\/h4> <span class=\"right-line\"><\/span> <\/div><\/div>[vc_column_text]<\/p>\n<p style=\"text-align: center;\">&#8211; Entretien stores et portes de garages.<br \/>\n&#8211; R\u00e9parations et r\u00e9novation.<br \/>\n&#8211; D\u00e9montage, tri et mise en d\u00e9chetterie.<br \/>\n&#8211; Nettoyage.<\/p>\n<p style=\"text-align: center;\">[\/vc_column_text][\/vc_column][vc_column css_animation=&#8221;fadeInUp&#8221; width=&#8221;1\/2&#8243;][vc_images_carousel images=&#8221;21842,21843,21844&#8243; img_size=&#8221;large&#8221; hide_pagination_control=&#8221;yes&#8221;][\/vc_column][\/vc_row][vc_row][vc_column][vc_column_text]<\/p>\n<p>[\/vc_column_text][\/vc_column][\/vc_row]<\/p>\n","protected":false},"excerpt":{"rendered":"<p>[vc_row full_width=&#8221;stretch_row_content_no_spaces&#8221; equal_height=&#8221;yes&#8221; content_placement=&#8221;middle&#8221;][vc_column css_animation=&#8221;fadeInUp&#8221; width=&#8221;1\/2&#8243;][vc_images_carousel images=&#8221;21830,21831,21832,21835,21836,21837,21838&#8243; img_size=&#8221;full&#8221; hide_pagination_control=&#8221;yes&#8221;][\/vc_column][vc_column width=&#8221;1\/2&#8243; basel_text_align=&#8221;center&#8221; css=&#8221;.vc_custom_1558616154021{padding-top: 30px !important;padding-right: 30px !important;padding-bottom: 30px !important;padding-left: 30px !important;}&#8221;][vc_column_text]<\/p>\n","protected":false},"author":6,"featured_media":0,"parent":0,"menu_order":0,"comment_status":"closed","ping_status":"closed","template":"","meta":{"ngg_post_thumbnail":0,"footnotes":""},"class_list":["post-21821","page","type-page","status-publish","hentry"],"_links":{"self":[{"href":"http:\/\/elsd.ch\/it\/wp-json\/wp\/v2\/pages\/21821","targetHints":{"allow":["GET"]}}],"collection":[{"href":"http:\/\/elsd.ch\/it\/wp-json\/wp\/v2\/pages"}],"about":[{"href":"http:\/\/elsd.ch\/it\/wp-json\/wp\/v2\/types\/page"}],"author":[{"embeddable":true,"href":"http:\/\/elsd.ch\/it\/wp-json\/wp\/v2\/users\/6"}],"replies":[{"embeddable":true,"href":"http:\/\/elsd.ch\/it\/wp-json\/wp\/v2\/comments?post=21821"}],"version-history":[{"count":37,"href":"http:\/\/elsd.ch\/it\/wp-json\/wp\/v2\/pages\/21821\/revisions"}],"predecessor-version":[{"id":22259,"href":"http:\/\/elsd.ch\/it\/wp-json\/wp\/v2\/pages\/21821\/revisions\/22259"}],"wp:attachment":[{"href":"http:\/\/elsd.ch\/it\/wp-json\/wp\/v2\/media?parent=21821"}],"curies":[{"name":"wp","href":"https:\/\/api.w.org\/{rel}","templated":true}]}}